{"id":6805,"date":"2024-12-14T14:12:22","date_gmt":"2024-12-14T14:12:22","guid":{"rendered":"https:\/\/ojardinparfume.com\/demo\/?post_type=product&#038;p=6805"},"modified":"2025-11-17T16:20:53","modified_gmt":"2025-11-17T15:20:53","slug":"jardin-deden","status":"publish","type":"product","link":"https:\/\/www.ojardinparfume.com\/index.php\/produit\/jardin-deden\/","title":{"rendered":"Jardin d\u2019eden"},"content":{"rendered":"<p>Le th\u00e9 blanc Jardin d\u2019Eden marie avec \u00e9l\u00e9gance les feuilles soyeuses du Pai Mu Tan et du th\u00e9 vert China Chun Mee. Enrichi de morceaux de dattes, de raisins d\u00e9licatement sucr\u00e9s et de b\u00e2tons de cannelle, ce m\u00e9lange r\u00e9v\u00e8le des notes fruit\u00e9es et chaleureuses de poire. Les p\u00e9tales de souci ajoutent une touche florale subtile \u00e0 cette infusion premium, \u00e9labor\u00e9e \u00e0 partir d\u2019ingr\u00e9dients issus de l\u2019agriculture durable. Une v\u00e9ritable invitation \u00e0 savourer un instant de s\u00e9r\u00e9nit\u00e9 et de douceur.<\/p>\n<p><span data-sheets-root=\"1\"><strong>Ingr\u00e9dients :<\/strong> Th\u00e9 blanc Pai Mu Tan, th\u00e9 vert China Chun Mee, datte (datte, farine de riz), b\u00e2tons de cannelle, raisin (raisin, huile v\u00e9g\u00e9tale), ar\u00f4me naturel, souci.<br \/>\nM\u00e9lange premium \u00e9labor\u00e9 avec des ingr\u00e9dients issus de l&rsquo;agriculture durable et des ar\u00f4mes naturels.<\/span><\/p>\n","protected":false},"excerpt":{"rendered":"<p>Jardin d\u2019Eden, un th\u00e9 blanc d\u00e9licat aux saveurs douces de poire, datte et cannelle, pour un moment de pure gourmandise.<\/p>\n","protected":false},"featured_media":6806,"comment_status":"open","ping_status":"closed","template":"","meta":{"_eb_attr":""},"product_cat":[61,59],"product_tag":[],"class_list":{"0":"post-6805","1":"product","2":"type-product","3":"status-publish","4":"has-post-thumbnail","6":"product_cat-the-blanc","7":"product_cat-the","9":"first","10":"instock","11":"taxable","12":"shipping-taxable","13":"purchasable","14":"product-type-simple"},"yoast_head":"<!-- This site is optimized with the Yoast SEO plugin v24.2 - https:\/\/yoast.com\/wordpress\/plugins\/seo\/ -->\n<title>Jardin d\u2019eden | Th\u00e9 Blanc - O&#039;Jardin Parfum\u00e9<\/title>\n<meta name=\"description\" content=\"Jardin d\u2019Eden, un th\u00e9 blanc d\u00e9licat aux saveurs douces de poire, datte et cannelle, issus de l\u2019agriculture durable, pour un moment de pure gourmandise.\" \/>\n<meta name=\"robots\" content=\"index, follow, max-snippet:-1, max-image-preview:large, max-video-preview:-1\" \/>\n<link rel=\"canonical\" href=\"https:\/\/www.ojardinparfume.com\/index.php\/produit\/jardin-deden\/\" \/>\n<meta property=\"og:locale\" content=\"fr_FR\" \/>\n<meta property=\"og:type\" content=\"article\" \/>\n<meta property=\"og:title\" content=\"Jardin d\u2019eden | Th\u00e9 Blanc - O&#039;Jardin Parfum\u00e9\" \/>\n<meta property=\"og:description\" content=\"Jardin d\u2019Eden, un th\u00e9 blanc d\u00e9licat aux saveurs douces de poire, datte et cannelle, issus de l\u2019agriculture durable, pour un moment de pure gourmandise.\" \/>\n<meta property=\"og:url\" content=\"https:\/\/www.ojardinparfume.com\/index.php\/produit\/jardin-deden\/\" \/>\n<meta property=\"og:site_name\" content=\"O&#039;Jardin Parfum\u00e9\" \/>\n<meta property=\"article:publisher\" content=\"https:\/\/www.facebook.com\/ojardin.parfume\/\" \/>\n<meta property=\"article:modified_time\" content=\"2025-11-17T15:20:53+00:00\" \/>\n<meta property=\"og:image\" content=\"https:\/\/www.ojardinparfume.com\/wp-content\/uploads\/2024\/12\/ojardin-parfume-the-blanc-jardin-eden.jpg\" \/>\n\t<meta property=\"og:image:width\" content=\"1000\" \/>\n\t<meta property=\"og:image:height\" content=\"1000\" \/>\n\t<meta property=\"og:image:type\" content=\"image\/jpeg\" \/>\n<meta name=\"twitter:card\" content=\"summary_large_image\" \/>\n<meta name=\"twitter:label1\" content=\"Dur\u00e9e de lecture estim\u00e9e\" \/>\n\t<meta name=\"twitter:data1\" content=\"1 minute\" \/>\n<script type=\"application\/ld+json\" class=\"yoast-schema-graph\">{\"@context\":\"https:\/\/schema.org\",\"@graph\":[{\"@type\":\"WebPage\",\"@id\":\"https:\/\/www.ojardinparfume.com\/index.php\/produit\/jardin-deden\/\",\"url\":\"https:\/\/www.ojardinparfume.com\/index.php\/produit\/jardin-deden\/\",\"name\":\"Jardin d\u2019eden | Th\u00e9 Blanc - O&#039;Jardin Parfum\u00e9\",\"isPartOf\":{\"@id\":\"https:\/\/www.ojardinparfume.com\/#website\"},\"primaryImageOfPage\":{\"@id\":\"https:\/\/www.ojardinparfume.com\/index.php\/produit\/jardin-deden\/#primaryimage\"},\"image\":{\"@id\":\"https:\/\/www.ojardinparfume.com\/index.php\/produit\/jardin-deden\/#primaryimage\"},\"thumbnailUrl\":\"https:\/\/www.ojardinparfume.com\/wp-content\/uploads\/2024\/12\/ojardin-parfume-the-blanc-jardin-eden.jpg\",\"datePublished\":\"2024-12-14T14:12:22+00:00\",\"dateModified\":\"2025-11-17T15:20:53+00:00\",\"description\":\"Jardin d\u2019Eden, un th\u00e9 blanc d\u00e9licat aux saveurs douces de poire, datte et cannelle, issus de l\u2019agriculture durable, pour un moment de pure gourmandise.\",\"breadcrumb\":{\"@id\":\"https:\/\/www.ojardinparfume.com\/index.php\/produit\/jardin-deden\/#breadcrumb\"},\"inLanguage\":\"fr-FR\",\"potentialAction\":[{\"@type\":\"ReadAction\",\"target\":[\"https:\/\/www.ojardinparfume.com\/index.php\/produit\/jardin-deden\/\"]}]},{\"@type\":\"ImageObject\",\"inLanguage\":\"fr-FR\",\"@id\":\"https:\/\/www.ojardinparfume.com\/index.php\/produit\/jardin-deden\/#primaryimage\",\"url\":\"https:\/\/www.ojardinparfume.com\/wp-content\/uploads\/2024\/12\/ojardin-parfume-the-blanc-jardin-eden.jpg\",\"contentUrl\":\"https:\/\/www.ojardinparfume.com\/wp-content\/uploads\/2024\/12\/ojardin-parfume-the-blanc-jardin-eden.jpg\",\"width\":1000,\"height\":1000},{\"@type\":\"BreadcrumbList\",\"@id\":\"https:\/\/www.ojardinparfume.com\/index.php\/produit\/jardin-deden\/#breadcrumb\",\"itemListElement\":[{\"@type\":\"ListItem\",\"position\":1,\"name\":\"Accueil\",\"item\":\"https:\/\/www.ojardinparfume.com\/\"},{\"@type\":\"ListItem\",\"position\":2,\"name\":\"Boutique\",\"item\":\"https:\/\/www.ojardinparfume.com\/index.php\/boutique\/\"},{\"@type\":\"ListItem\",\"position\":3,\"name\":\"Jardin d\u2019eden\"}]},{\"@type\":\"WebSite\",\"@id\":\"https:\/\/www.ojardinparfume.com\/#website\",\"url\":\"https:\/\/www.ojardinparfume.com\/\",\"name\":\"O'Jardin Parfum\u00e9\",\"description\":\"La finesse d&#039;un th\u00e9 d&#039;excellence\",\"publisher\":{\"@id\":\"https:\/\/www.ojardinparfume.com\/#organization\"},\"potentialAction\":[{\"@type\":\"SearchAction\",\"target\":{\"@type\":\"EntryPoint\",\"urlTemplate\":\"https:\/\/www.ojardinparfume.com\/?s={search_term_string}\"},\"query-input\":{\"@type\":\"PropertyValueSpecification\",\"valueRequired\":true,\"valueName\":\"search_term_string\"}}],\"inLanguage\":\"fr-FR\"},{\"@type\":\"Organization\",\"@id\":\"https:\/\/www.ojardinparfume.com\/#organization\",\"name\":\"O'Jardin Parfum\u00e9\",\"url\":\"https:\/\/www.ojardinparfume.com\/\",\"logo\":{\"@type\":\"ImageObject\",\"inLanguage\":\"fr-FR\",\"@id\":\"https:\/\/www.ojardinparfume.com\/#\/schema\/logo\/image\/\",\"url\":\"https:\/\/www.ojardinparfume.com\/wp-content\/uploads\/2024\/09\/cropped-logo-ojardinparfume-png-1.png\",\"contentUrl\":\"https:\/\/www.ojardinparfume.com\/wp-content\/uploads\/2024\/09\/cropped-logo-ojardinparfume-png-1.png\",\"width\":842,\"height\":222,\"caption\":\"O'Jardin Parfum\u00e9\"},\"image\":{\"@id\":\"https:\/\/www.ojardinparfume.com\/#\/schema\/logo\/image\/\"},\"sameAs\":[\"https:\/\/www.facebook.com\/ojardin.parfume\/\"]}]}<\/script>\n<!-- \/ Yoast SEO plugin. -->","yoast_head_json":{"title":"Jardin d\u2019eden | Th\u00e9 Blanc - O&#039;Jardin Parfum\u00e9","description":"Jardin d\u2019Eden, un th\u00e9 blanc d\u00e9licat aux saveurs douces de poire, datte et cannelle, issus de l\u2019agriculture durable, pour un moment de pure gourmandise.","robots":{"index":"index","follow":"follow","max-snippet":"max-snippet:-1","max-image-preview":"max-image-preview:large","max-video-preview":"max-video-preview:-1"},"canonical":"https:\/\/www.ojardinparfume.com\/index.php\/produit\/jardin-deden\/","og_locale":"fr_FR","og_type":"article","og_title":"Jardin d\u2019eden | Th\u00e9 Blanc - O&#039;Jardin Parfum\u00e9","og_description":"Jardin d\u2019Eden, un th\u00e9 blanc d\u00e9licat aux saveurs douces de poire, datte et cannelle, issus de l\u2019agriculture durable, pour un moment de pure gourmandise.","og_url":"https:\/\/www.ojardinparfume.com\/index.php\/produit\/jardin-deden\/","og_site_name":"O&#039;Jardin Parfum\u00e9","article_publisher":"https:\/\/www.facebook.com\/ojardin.parfume\/","article_modified_time":"2025-11-17T15:20:53+00:00","og_image":[{"width":1000,"height":1000,"url":"https:\/\/www.ojardinparfume.com\/wp-content\/uploads\/2024\/12\/ojardin-parfume-the-blanc-jardin-eden.jpg","type":"image\/jpeg"}],"twitter_card":"summary_large_image","twitter_misc":{"Dur\u00e9e de lecture estim\u00e9e":"1 minute"},"schema":{"@context":"https:\/\/schema.org","@graph":[{"@type":"WebPage","@id":"https:\/\/www.ojardinparfume.com\/index.php\/produit\/jardin-deden\/","url":"https:\/\/www.ojardinparfume.com\/index.php\/produit\/jardin-deden\/","name":"Jardin d\u2019eden | Th\u00e9 Blanc - O&#039;Jardin Parfum\u00e9","isPartOf":{"@id":"https:\/\/www.ojardinparfume.com\/#website"},"primaryImageOfPage":{"@id":"https:\/\/www.ojardinparfume.com\/index.php\/produit\/jardin-deden\/#primaryimage"},"image":{"@id":"https:\/\/www.ojardinparfume.com\/index.php\/produit\/jardin-deden\/#primaryimage"},"thumbnailUrl":"https:\/\/www.ojardinparfume.com\/wp-content\/uploads\/2024\/12\/ojardin-parfume-the-blanc-jardin-eden.jpg","datePublished":"2024-12-14T14:12:22+00:00","dateModified":"2025-11-17T15:20:53+00:00","description":"Jardin d\u2019Eden, un th\u00e9 blanc d\u00e9licat aux saveurs douces de poire, datte et cannelle, issus de l\u2019agriculture durable, pour un moment de pure gourmandise.","breadcrumb":{"@id":"https:\/\/www.ojardinparfume.com\/index.php\/produit\/jardin-deden\/#breadcrumb"},"inLanguage":"fr-FR","potentialAction":[{"@type":"ReadAction","target":["https:\/\/www.ojardinparfume.com\/index.php\/produit\/jardin-deden\/"]}]},{"@type":"ImageObject","inLanguage":"fr-FR","@id":"https:\/\/www.ojardinparfume.com\/index.php\/produit\/jardin-deden\/#primaryimage","url":"https:\/\/www.ojardinparfume.com\/wp-content\/uploads\/2024\/12\/ojardin-parfume-the-blanc-jardin-eden.jpg","contentUrl":"https:\/\/www.ojardinparfume.com\/wp-content\/uploads\/2024\/12\/ojardin-parfume-the-blanc-jardin-eden.jpg","width":1000,"height":1000},{"@type":"BreadcrumbList","@id":"https:\/\/www.ojardinparfume.com\/index.php\/produit\/jardin-deden\/#breadcrumb","itemListElement":[{"@type":"ListItem","position":1,"name":"Accueil","item":"https:\/\/www.ojardinparfume.com\/"},{"@type":"ListItem","position":2,"name":"Boutique","item":"https:\/\/www.ojardinparfume.com\/index.php\/boutique\/"},{"@type":"ListItem","position":3,"name":"Jardin d\u2019eden"}]},{"@type":"WebSite","@id":"https:\/\/www.ojardinparfume.com\/#website","url":"https:\/\/www.ojardinparfume.com\/","name":"O'Jardin Parfum\u00e9","description":"La finesse d&#039;un th\u00e9 d&#039;excellence","publisher":{"@id":"https:\/\/www.ojardinparfume.com\/#organization"},"potentialAction":[{"@type":"SearchAction","target":{"@type":"EntryPoint","urlTemplate":"https:\/\/www.ojardinparfume.com\/?s={search_term_string}"},"query-input":{"@type":"PropertyValueSpecification","valueRequired":true,"valueName":"search_term_string"}}],"inLanguage":"fr-FR"},{"@type":"Organization","@id":"https:\/\/www.ojardinparfume.com\/#organization","name":"O'Jardin Parfum\u00e9","url":"https:\/\/www.ojardinparfume.com\/","logo":{"@type":"ImageObject","inLanguage":"fr-FR","@id":"https:\/\/www.ojardinparfume.com\/#\/schema\/logo\/image\/","url":"https:\/\/www.ojardinparfume.com\/wp-content\/uploads\/2024\/09\/cropped-logo-ojardinparfume-png-1.png","contentUrl":"https:\/\/www.ojardinparfume.com\/wp-content\/uploads\/2024\/09\/cropped-logo-ojardinparfume-png-1.png","width":842,"height":222,"caption":"O'Jardin Parfum\u00e9"},"image":{"@id":"https:\/\/www.ojardinparfume.com\/#\/schema\/logo\/image\/"},"sameAs":["https:\/\/www.facebook.com\/ojardin.parfume\/"]}]}},"jetpack_sharing_enabled":true,"_links":{"self":[{"href":"https:\/\/www.ojardinparfume.com\/index.php\/wp-json\/wp\/v2\/product\/6805","targetHints":{"allow":["GET"]}}],"collection":[{"href":"https:\/\/www.ojardinparfume.com\/index.php\/wp-json\/wp\/v2\/product"}],"about":[{"href":"https:\/\/www.ojardinparfume.com\/index.php\/wp-json\/wp\/v2\/types\/product"}],"replies":[{"embeddable":true,"href":"https:\/\/www.ojardinparfume.com\/index.php\/wp-json\/wp\/v2\/comments?post=6805"}],"wp:featuredmedia":[{"embeddable":true,"href":"https:\/\/www.ojardinparfume.com\/index.php\/wp-json\/wp\/v2\/media\/6806"}],"wp:attachment":[{"href":"https:\/\/www.ojardinparfume.com\/index.php\/wp-json\/wp\/v2\/media?parent=6805"}],"wp:term":[{"taxonomy":"product_cat","embeddable":true,"href":"https:\/\/www.ojardinparfume.com\/index.php\/wp-json\/wp\/v2\/product_cat?post=6805"},{"taxonomy":"product_tag","embeddable":true,"href":"https:\/\/www.ojardinparfume.com\/index.php\/wp-json\/wp\/v2\/product_tag?post=6805"}],"curies":[{"name":"wp","href":"https:\/\/api.w.org\/{rel}","templated":true}]}}