{"id":6796,"date":"2024-12-14T13:55:35","date_gmt":"2024-12-14T13:55:35","guid":{"rendered":"https:\/\/ojardinparfume.com\/demo\/?post_type=product&#038;p=6796"},"modified":"2025-11-17T16:22:59","modified_gmt":"2025-11-17T15:22:59","slug":"english-breakfast-broken","status":"publish","type":"product","link":"https:\/\/www.ojardinparfume.com\/index.php\/produit\/english-breakfast-broken\/","title":{"rendered":"English Breakfast Broken"},"content":{"rendered":"<p>Le th\u00e9 noir English Breakfast Broken associe des feuilles bris\u00e9es d&rsquo;Assam et de Ceylon pour cr\u00e9er un m\u00e9lange classique et \u00e9quilibr\u00e9. Ce th\u00e9 bio se distingue par sa tasse jaune dor\u00e9e et sa liqueur intens\u00e9ment aromatique, id\u00e9ale pour un petit-d\u00e9jeuner r\u00e9confortant ou un moment de d\u00e9gustation \u00e0 tout moment de la journ\u00e9e.<\/p>\n<p><span data-sheets-root=\"1\"><strong>Ingr\u00e9dients :<\/strong> Th\u00e9 noir Assam Broken, th\u00e9 noir Ceylon Broken.<br \/>\nM\u00e9lange de diff\u00e9rents th\u00e9s Assam et Ceylon. Tasse jaune dor\u00e9e et une liqueur hautement aromatique.<\/span><\/p>\n","protected":false},"excerpt":{"rendered":"<p>English Breakfast Broken, un m\u00e9lange bio d&rsquo;Assam et de Ceylon, offrant une tasse dor\u00e9e et une liqueur richement aromatique.<\/p>\n","protected":false},"featured_media":6797,"comment_status":"open","ping_status":"closed","template":"","meta":{"_eb_attr":""},"product_cat":[63,59],"product_tag":[],"class_list":{"0":"post-6796","1":"product","2":"type-product","3":"status-publish","4":"has-post-thumbnail","6":"product_cat-the-noir","7":"product_cat-the","9":"first","10":"instock","11":"taxable","12":"shipping-taxable","13":"purchasable","14":"product-type-simple"},"yoast_head":"<!-- This site is optimized with the Yoast SEO plugin v24.2 - https:\/\/yoast.com\/wordpress\/plugins\/seo\/ -->\n<title>English Breakfast Broken | Th\u00e9 Noir - O&#039;Jardin Parfum\u00e9<\/title>\n<meta name=\"description\" content=\"English Breakfast Broken, un m\u00e9lange bio d&#039;Assam et de Ceylon, offrant une tasse dor\u00e9e et une liqueur richement aromatique.\" \/>\n<meta name=\"robots\" content=\"index, follow, max-snippet:-1, max-image-preview:large, max-video-preview:-1\" \/>\n<link rel=\"canonical\" href=\"https:\/\/www.ojardinparfume.com\/index.php\/produit\/english-breakfast-broken\/\" \/>\n<meta property=\"og:locale\" content=\"fr_FR\" \/>\n<meta property=\"og:type\" content=\"article\" \/>\n<meta property=\"og:title\" content=\"English Breakfast Broken | Th\u00e9 Noir - O&#039;Jardin Parfum\u00e9\" \/>\n<meta property=\"og:description\" content=\"English Breakfast Broken, un m\u00e9lange bio d&#039;Assam et de Ceylon, offrant une tasse dor\u00e9e et une liqueur richement aromatique.\" \/>\n<meta property=\"og:url\" content=\"https:\/\/www.ojardinparfume.com\/index.php\/produit\/english-breakfast-broken\/\" \/>\n<meta property=\"og:site_name\" content=\"O&#039;Jardin Parfum\u00e9\" \/>\n<meta property=\"article:publisher\" content=\"https:\/\/www.facebook.com\/ojardin.parfume\/\" \/>\n<meta property=\"article:modified_time\" content=\"2025-11-17T15:22:59+00:00\" \/>\n<meta property=\"og:image\" content=\"https:\/\/www.ojardinparfume.com\/wp-content\/uploads\/2024\/12\/ojardin-parfume-the-noir-english-breakfast.jpg\" \/>\n\t<meta property=\"og:image:width\" content=\"1000\" \/>\n\t<meta property=\"og:image:height\" content=\"1000\" \/>\n\t<meta property=\"og:image:type\" content=\"image\/jpeg\" \/>\n<meta name=\"twitter:card\" content=\"summary_large_image\" \/>\n<meta name=\"twitter:label1\" content=\"Dur\u00e9e de lecture estim\u00e9e\" \/>\n\t<meta name=\"twitter:data1\" content=\"1 minute\" \/>\n<script type=\"application\/ld+json\" class=\"yoast-schema-graph\">{\"@context\":\"https:\/\/schema.org\",\"@graph\":[{\"@type\":\"WebPage\",\"@id\":\"https:\/\/www.ojardinparfume.com\/index.php\/produit\/english-breakfast-broken\/\",\"url\":\"https:\/\/www.ojardinparfume.com\/index.php\/produit\/english-breakfast-broken\/\",\"name\":\"English Breakfast Broken | Th\u00e9 Noir - O&#039;Jardin Parfum\u00e9\",\"isPartOf\":{\"@id\":\"https:\/\/www.ojardinparfume.com\/#website\"},\"primaryImageOfPage\":{\"@id\":\"https:\/\/www.ojardinparfume.com\/index.php\/produit\/english-breakfast-broken\/#primaryimage\"},\"image\":{\"@id\":\"https:\/\/www.ojardinparfume.com\/index.php\/produit\/english-breakfast-broken\/#primaryimage\"},\"thumbnailUrl\":\"https:\/\/www.ojardinparfume.com\/wp-content\/uploads\/2024\/12\/ojardin-parfume-the-noir-english-breakfast.jpg\",\"datePublished\":\"2024-12-14T13:55:35+00:00\",\"dateModified\":\"2025-11-17T15:22:59+00:00\",\"description\":\"English Breakfast Broken, un m\u00e9lange bio d'Assam et de Ceylon, offrant une tasse dor\u00e9e et une liqueur richement aromatique.\",\"breadcrumb\":{\"@id\":\"https:\/\/www.ojardinparfume.com\/index.php\/produit\/english-breakfast-broken\/#breadcrumb\"},\"inLanguage\":\"fr-FR\",\"potentialAction\":[{\"@type\":\"ReadAction\",\"target\":[\"https:\/\/www.ojardinparfume.com\/index.php\/produit\/english-breakfast-broken\/\"]}]},{\"@type\":\"ImageObject\",\"inLanguage\":\"fr-FR\",\"@id\":\"https:\/\/www.ojardinparfume.com\/index.php\/produit\/english-breakfast-broken\/#primaryimage\",\"url\":\"https:\/\/www.ojardinparfume.com\/wp-content\/uploads\/2024\/12\/ojardin-parfume-the-noir-english-breakfast.jpg\",\"contentUrl\":\"https:\/\/www.ojardinparfume.com\/wp-content\/uploads\/2024\/12\/ojardin-parfume-the-noir-english-breakfast.jpg\",\"width\":1000,\"height\":1000},{\"@type\":\"BreadcrumbList\",\"@id\":\"https:\/\/www.ojardinparfume.com\/index.php\/produit\/english-breakfast-broken\/#breadcrumb\",\"itemListElement\":[{\"@type\":\"ListItem\",\"position\":1,\"name\":\"Accueil\",\"item\":\"https:\/\/www.ojardinparfume.com\/\"},{\"@type\":\"ListItem\",\"position\":2,\"name\":\"Boutique\",\"item\":\"https:\/\/www.ojardinparfume.com\/index.php\/boutique\/\"},{\"@type\":\"ListItem\",\"position\":3,\"name\":\"English Breakfast Broken\"}]},{\"@type\":\"WebSite\",\"@id\":\"https:\/\/www.ojardinparfume.com\/#website\",\"url\":\"https:\/\/www.ojardinparfume.com\/\",\"name\":\"O'Jardin Parfum\u00e9\",\"description\":\"La finesse d&#039;un th\u00e9 d&#039;excellence\",\"publisher\":{\"@id\":\"https:\/\/www.ojardinparfume.com\/#organization\"},\"potentialAction\":[{\"@type\":\"SearchAction\",\"target\":{\"@type\":\"EntryPoint\",\"urlTemplate\":\"https:\/\/www.ojardinparfume.com\/?s={search_term_string}\"},\"query-input\":{\"@type\":\"PropertyValueSpecification\",\"valueRequired\":true,\"valueName\":\"search_term_string\"}}],\"inLanguage\":\"fr-FR\"},{\"@type\":\"Organization\",\"@id\":\"https:\/\/www.ojardinparfume.com\/#organization\",\"name\":\"O'Jardin Parfum\u00e9\",\"url\":\"https:\/\/www.ojardinparfume.com\/\",\"logo\":{\"@type\":\"ImageObject\",\"inLanguage\":\"fr-FR\",\"@id\":\"https:\/\/www.ojardinparfume.com\/#\/schema\/logo\/image\/\",\"url\":\"https:\/\/www.ojardinparfume.com\/wp-content\/uploads\/2024\/09\/cropped-logo-ojardinparfume-png-1.png\",\"contentUrl\":\"https:\/\/www.ojardinparfume.com\/wp-content\/uploads\/2024\/09\/cropped-logo-ojardinparfume-png-1.png\",\"width\":842,\"height\":222,\"caption\":\"O'Jardin Parfum\u00e9\"},\"image\":{\"@id\":\"https:\/\/www.ojardinparfume.com\/#\/schema\/logo\/image\/\"},\"sameAs\":[\"https:\/\/www.facebook.com\/ojardin.parfume\/\"]}]}<\/script>\n<!-- \/ Yoast SEO plugin. -->","yoast_head_json":{"title":"English Breakfast Broken | Th\u00e9 Noir - O&#039;Jardin Parfum\u00e9","description":"English Breakfast Broken, un m\u00e9lange bio d'Assam et de Ceylon, offrant une tasse dor\u00e9e et une liqueur richement aromatique.","robots":{"index":"index","follow":"follow","max-snippet":"max-snippet:-1","max-image-preview":"max-image-preview:large","max-video-preview":"max-video-preview:-1"},"canonical":"https:\/\/www.ojardinparfume.com\/index.php\/produit\/english-breakfast-broken\/","og_locale":"fr_FR","og_type":"article","og_title":"English Breakfast Broken | Th\u00e9 Noir - O&#039;Jardin Parfum\u00e9","og_description":"English Breakfast Broken, un m\u00e9lange bio d'Assam et de Ceylon, offrant une tasse dor\u00e9e et une liqueur richement aromatique.","og_url":"https:\/\/www.ojardinparfume.com\/index.php\/produit\/english-breakfast-broken\/","og_site_name":"O&#039;Jardin Parfum\u00e9","article_publisher":"https:\/\/www.facebook.com\/ojardin.parfume\/","article_modified_time":"2025-11-17T15:22:59+00:00","og_image":[{"width":1000,"height":1000,"url":"https:\/\/www.ojardinparfume.com\/wp-content\/uploads\/2024\/12\/ojardin-parfume-the-noir-english-breakfast.jpg","type":"image\/jpeg"}],"twitter_card":"summary_large_image","twitter_misc":{"Dur\u00e9e de lecture estim\u00e9e":"1 minute"},"schema":{"@context":"https:\/\/schema.org","@graph":[{"@type":"WebPage","@id":"https:\/\/www.ojardinparfume.com\/index.php\/produit\/english-breakfast-broken\/","url":"https:\/\/www.ojardinparfume.com\/index.php\/produit\/english-breakfast-broken\/","name":"English Breakfast Broken | Th\u00e9 Noir - O&#039;Jardin Parfum\u00e9","isPartOf":{"@id":"https:\/\/www.ojardinparfume.com\/#website"},"primaryImageOfPage":{"@id":"https:\/\/www.ojardinparfume.com\/index.php\/produit\/english-breakfast-broken\/#primaryimage"},"image":{"@id":"https:\/\/www.ojardinparfume.com\/index.php\/produit\/english-breakfast-broken\/#primaryimage"},"thumbnailUrl":"https:\/\/www.ojardinparfume.com\/wp-content\/uploads\/2024\/12\/ojardin-parfume-the-noir-english-breakfast.jpg","datePublished":"2024-12-14T13:55:35+00:00","dateModified":"2025-11-17T15:22:59+00:00","description":"English Breakfast Broken, un m\u00e9lange bio d'Assam et de Ceylon, offrant une tasse dor\u00e9e et une liqueur richement aromatique.","breadcrumb":{"@id":"https:\/\/www.ojardinparfume.com\/index.php\/produit\/english-breakfast-broken\/#breadcrumb"},"inLanguage":"fr-FR","potentialAction":[{"@type":"ReadAction","target":["https:\/\/www.ojardinparfume.com\/index.php\/produit\/english-breakfast-broken\/"]}]},{"@type":"ImageObject","inLanguage":"fr-FR","@id":"https:\/\/www.ojardinparfume.com\/index.php\/produit\/english-breakfast-broken\/#primaryimage","url":"https:\/\/www.ojardinparfume.com\/wp-content\/uploads\/2024\/12\/ojardin-parfume-the-noir-english-breakfast.jpg","contentUrl":"https:\/\/www.ojardinparfume.com\/wp-content\/uploads\/2024\/12\/ojardin-parfume-the-noir-english-breakfast.jpg","width":1000,"height":1000},{"@type":"BreadcrumbList","@id":"https:\/\/www.ojardinparfume.com\/index.php\/produit\/english-breakfast-broken\/#breadcrumb","itemListElement":[{"@type":"ListItem","position":1,"name":"Accueil","item":"https:\/\/www.ojardinparfume.com\/"},{"@type":"ListItem","position":2,"name":"Boutique","item":"https:\/\/www.ojardinparfume.com\/index.php\/boutique\/"},{"@type":"ListItem","position":3,"name":"English Breakfast Broken"}]},{"@type":"WebSite","@id":"https:\/\/www.ojardinparfume.com\/#website","url":"https:\/\/www.ojardinparfume.com\/","name":"O'Jardin Parfum\u00e9","description":"La finesse d&#039;un th\u00e9 d&#039;excellence","publisher":{"@id":"https:\/\/www.ojardinparfume.com\/#organization"},"potentialAction":[{"@type":"SearchAction","target":{"@type":"EntryPoint","urlTemplate":"https:\/\/www.ojardinparfume.com\/?s={search_term_string}"},"query-input":{"@type":"PropertyValueSpecification","valueRequired":true,"valueName":"search_term_string"}}],"inLanguage":"fr-FR"},{"@type":"Organization","@id":"https:\/\/www.ojardinparfume.com\/#organization","name":"O'Jardin Parfum\u00e9","url":"https:\/\/www.ojardinparfume.com\/","logo":{"@type":"ImageObject","inLanguage":"fr-FR","@id":"https:\/\/www.ojardinparfume.com\/#\/schema\/logo\/image\/","url":"https:\/\/www.ojardinparfume.com\/wp-content\/uploads\/2024\/09\/cropped-logo-ojardinparfume-png-1.png","contentUrl":"https:\/\/www.ojardinparfume.com\/wp-content\/uploads\/2024\/09\/cropped-logo-ojardinparfume-png-1.png","width":842,"height":222,"caption":"O'Jardin Parfum\u00e9"},"image":{"@id":"https:\/\/www.ojardinparfume.com\/#\/schema\/logo\/image\/"},"sameAs":["https:\/\/www.facebook.com\/ojardin.parfume\/"]}]}},"jetpack_sharing_enabled":true,"_links":{"self":[{"href":"https:\/\/www.ojardinparfume.com\/index.php\/wp-json\/wp\/v2\/product\/6796","targetHints":{"allow":["GET"]}}],"collection":[{"href":"https:\/\/www.ojardinparfume.com\/index.php\/wp-json\/wp\/v2\/product"}],"about":[{"href":"https:\/\/www.ojardinparfume.com\/index.php\/wp-json\/wp\/v2\/types\/product"}],"replies":[{"embeddable":true,"href":"https:\/\/www.ojardinparfume.com\/index.php\/wp-json\/wp\/v2\/comments?post=6796"}],"wp:featuredmedia":[{"embeddable":true,"href":"https:\/\/www.ojardinparfume.com\/index.php\/wp-json\/wp\/v2\/media\/6797"}],"wp:attachment":[{"href":"https:\/\/www.ojardinparfume.com\/index.php\/wp-json\/wp\/v2\/media?parent=6796"}],"wp:term":[{"taxonomy":"product_cat","embeddable":true,"href":"https:\/\/www.ojardinparfume.com\/index.php\/wp-json\/wp\/v2\/product_cat?post=6796"},{"taxonomy":"product_tag","embeddable":true,"href":"https:\/\/www.ojardinparfume.com\/index.php\/wp-json\/wp\/v2\/product_tag?post=6796"}],"curies":[{"name":"wp","href":"https:\/\/api.w.org\/{rel}","templated":true}]}}