{"id":6785,"date":"2024-12-14T13:38:04","date_gmt":"2024-12-14T13:38:04","guid":{"rendered":"https:\/\/ojardinparfume.com\/demo\/?post_type=product&#038;p=6785"},"modified":"2025-11-17T16:24:22","modified_gmt":"2025-11-17T15:24:22","slug":"ivresse-florale-jasmin-de-sidi-bousaid","status":"publish","type":"product","link":"https:\/\/www.ojardinparfume.com\/index.php\/produit\/ivresse-florale-jasmin-de-sidi-bousaid\/","title":{"rendered":"Ivresse Florale Jasmin de Sidi BouSa\u00eed"},"content":{"rendered":"<p>Le th\u00e9 vert Ivresse Florale Jasmin de Sidi BouSa\u00efd est une ode \u00e0 la s\u00e9r\u00e9nit\u00e9, alliant les feuilles fines de China Jasmin \u00e0 l&rsquo;ar\u00f4me floral envo\u00fbtant du jasmin. Inspir\u00e9 par la beaut\u00e9 intemporelle de Sidi BouSa\u00efd, ce th\u00e9 offre une infusion douce et apaisante, parfaite pour un moment de d\u00e9tente ou une \u00e9vasion sensorielle unique.<\/p>\n<p><span data-sheets-root=\"1\"><strong>Ingr\u00e9dients :<\/strong> China Jasmin High Grade Jinjing BIO<\/span><\/p>\n<p>Th\u00e9 vert \u00e0 la saveur douce et aromatique de jasmin. Tasse jaune dor\u00e9e. Issu de l\u2018agriculture biologique<\/p>\n<p>&nbsp;<\/p>\n","protected":false},"excerpt":{"rendered":"<p>Ivresse Florale Jasmin de Sidi BouSa\u00efd, un th\u00e9 vert d\u00e9licat infus\u00e9 au parfum envo\u00fbtant de fleurs de jasmin.<\/p>\n","protected":false},"featured_media":6786,"comment_status":"open","ping_status":"closed","template":"","meta":{"_eb_attr":""},"product_cat":[60,59],"product_tag":[],"class_list":{"0":"post-6785","1":"product","2":"type-product","3":"status-publish","4":"has-post-thumbnail","6":"product_cat-the-vert","7":"product_cat-the","9":"first","10":"instock","11":"taxable","12":"shipping-taxable","13":"purchasable","14":"product-type-simple"},"yoast_head":"<!-- This site is optimized with the Yoast SEO plugin v24.2 - https:\/\/yoast.com\/wordpress\/plugins\/seo\/ -->\n<title>Ivresse Florale Jasmin de Sidi BouSa\u00eed | Th\u00e9 Vert - O&#039;Jardin Parfum\u00e9<\/title>\n<meta name=\"description\" content=\"Ivresse Florale Jasmin de Sidi BouSa\u00efd, un th\u00e9 vert premium et d\u00e9licat infus\u00e9 au parfum envo\u00fbtant de fleurs de jasmin. Parfait pour un moment de d\u00e9tente.\" \/>\n<meta name=\"robots\" content=\"index, follow, max-snippet:-1, max-image-preview:large, max-video-preview:-1\" \/>\n<link rel=\"canonical\" href=\"https:\/\/www.ojardinparfume.com\/index.php\/produit\/ivresse-florale-jasmin-de-sidi-bousaid\/\" \/>\n<meta property=\"og:locale\" content=\"fr_FR\" \/>\n<meta property=\"og:type\" content=\"article\" \/>\n<meta property=\"og:title\" content=\"Ivresse Florale Jasmin de Sidi BouSa\u00eed | Th\u00e9 Vert - O&#039;Jardin Parfum\u00e9\" \/>\n<meta property=\"og:description\" content=\"Ivresse Florale Jasmin de Sidi BouSa\u00efd, un th\u00e9 vert premium et d\u00e9licat infus\u00e9 au parfum envo\u00fbtant de fleurs de jasmin. Parfait pour un moment de d\u00e9tente.\" \/>\n<meta property=\"og:url\" content=\"https:\/\/www.ojardinparfume.com\/index.php\/produit\/ivresse-florale-jasmin-de-sidi-bousaid\/\" \/>\n<meta property=\"og:site_name\" content=\"O&#039;Jardin Parfum\u00e9\" \/>\n<meta property=\"article:publisher\" content=\"https:\/\/www.facebook.com\/ojardin.parfume\/\" \/>\n<meta property=\"article:modified_time\" content=\"2025-11-17T15:24:22+00:00\" \/>\n<meta property=\"og:image\" content=\"https:\/\/www.ojardinparfume.com\/wp-content\/uploads\/2024\/12\/ojardin-parfume-the-vert-ivresse-au-jasmin-de-sidi-bou-said.jpg\" \/>\n\t<meta property=\"og:image:width\" content=\"1000\" \/>\n\t<meta property=\"og:image:height\" content=\"1000\" \/>\n\t<meta property=\"og:image:type\" content=\"image\/jpeg\" \/>\n<meta name=\"twitter:card\" content=\"summary_large_image\" \/>\n<meta name=\"twitter:label1\" content=\"Dur\u00e9e de lecture estim\u00e9e\" \/>\n\t<meta name=\"twitter:data1\" content=\"1 minute\" \/>\n<script type=\"application\/ld+json\" class=\"yoast-schema-graph\">{\"@context\":\"https:\/\/schema.org\",\"@graph\":[{\"@type\":\"WebPage\",\"@id\":\"https:\/\/www.ojardinparfume.com\/index.php\/produit\/ivresse-florale-jasmin-de-sidi-bousaid\/\",\"url\":\"https:\/\/www.ojardinparfume.com\/index.php\/produit\/ivresse-florale-jasmin-de-sidi-bousaid\/\",\"name\":\"Ivresse Florale Jasmin de Sidi BouSa\u00eed | Th\u00e9 Vert - O&#039;Jardin Parfum\u00e9\",\"isPartOf\":{\"@id\":\"https:\/\/www.ojardinparfume.com\/#website\"},\"primaryImageOfPage\":{\"@id\":\"https:\/\/www.ojardinparfume.com\/index.php\/produit\/ivresse-florale-jasmin-de-sidi-bousaid\/#primaryimage\"},\"image\":{\"@id\":\"https:\/\/www.ojardinparfume.com\/index.php\/produit\/ivresse-florale-jasmin-de-sidi-bousaid\/#primaryimage\"},\"thumbnailUrl\":\"https:\/\/www.ojardinparfume.com\/wp-content\/uploads\/2024\/12\/ojardin-parfume-the-vert-ivresse-au-jasmin-de-sidi-bou-said.jpg\",\"datePublished\":\"2024-12-14T13:38:04+00:00\",\"dateModified\":\"2025-11-17T15:24:22+00:00\",\"description\":\"Ivresse Florale Jasmin de Sidi BouSa\u00efd, un th\u00e9 vert premium et d\u00e9licat infus\u00e9 au parfum envo\u00fbtant de fleurs de jasmin. Parfait pour un moment de d\u00e9tente.\",\"breadcrumb\":{\"@id\":\"https:\/\/www.ojardinparfume.com\/index.php\/produit\/ivresse-florale-jasmin-de-sidi-bousaid\/#breadcrumb\"},\"inLanguage\":\"fr-FR\",\"potentialAction\":[{\"@type\":\"ReadAction\",\"target\":[\"https:\/\/www.ojardinparfume.com\/index.php\/produit\/ivresse-florale-jasmin-de-sidi-bousaid\/\"]}]},{\"@type\":\"ImageObject\",\"inLanguage\":\"fr-FR\",\"@id\":\"https:\/\/www.ojardinparfume.com\/index.php\/produit\/ivresse-florale-jasmin-de-sidi-bousaid\/#primaryimage\",\"url\":\"https:\/\/www.ojardinparfume.com\/wp-content\/uploads\/2024\/12\/ojardin-parfume-the-vert-ivresse-au-jasmin-de-sidi-bou-said.jpg\",\"contentUrl\":\"https:\/\/www.ojardinparfume.com\/wp-content\/uploads\/2024\/12\/ojardin-parfume-the-vert-ivresse-au-jasmin-de-sidi-bou-said.jpg\",\"width\":1000,\"height\":1000},{\"@type\":\"BreadcrumbList\",\"@id\":\"https:\/\/www.ojardinparfume.com\/index.php\/produit\/ivresse-florale-jasmin-de-sidi-bousaid\/#breadcrumb\",\"itemListElement\":[{\"@type\":\"ListItem\",\"position\":1,\"name\":\"Accueil\",\"item\":\"https:\/\/www.ojardinparfume.com\/\"},{\"@type\":\"ListItem\",\"position\":2,\"name\":\"Boutique\",\"item\":\"https:\/\/www.ojardinparfume.com\/index.php\/boutique\/\"},{\"@type\":\"ListItem\",\"position\":3,\"name\":\"Ivresse Florale Jasmin de Sidi BouSa\u00eed\"}]},{\"@type\":\"WebSite\",\"@id\":\"https:\/\/www.ojardinparfume.com\/#website\",\"url\":\"https:\/\/www.ojardinparfume.com\/\",\"name\":\"O'Jardin Parfum\u00e9\",\"description\":\"La finesse d&#039;un th\u00e9 d&#039;excellence\",\"publisher\":{\"@id\":\"https:\/\/www.ojardinparfume.com\/#organization\"},\"potentialAction\":[{\"@type\":\"SearchAction\",\"target\":{\"@type\":\"EntryPoint\",\"urlTemplate\":\"https:\/\/www.ojardinparfume.com\/?s={search_term_string}\"},\"query-input\":{\"@type\":\"PropertyValueSpecification\",\"valueRequired\":true,\"valueName\":\"search_term_string\"}}],\"inLanguage\":\"fr-FR\"},{\"@type\":\"Organization\",\"@id\":\"https:\/\/www.ojardinparfume.com\/#organization\",\"name\":\"O'Jardin Parfum\u00e9\",\"url\":\"https:\/\/www.ojardinparfume.com\/\",\"logo\":{\"@type\":\"ImageObject\",\"inLanguage\":\"fr-FR\",\"@id\":\"https:\/\/www.ojardinparfume.com\/#\/schema\/logo\/image\/\",\"url\":\"https:\/\/www.ojardinparfume.com\/wp-content\/uploads\/2024\/09\/cropped-logo-ojardinparfume-png-1.png\",\"contentUrl\":\"https:\/\/www.ojardinparfume.com\/wp-content\/uploads\/2024\/09\/cropped-logo-ojardinparfume-png-1.png\",\"width\":842,\"height\":222,\"caption\":\"O'Jardin Parfum\u00e9\"},\"image\":{\"@id\":\"https:\/\/www.ojardinparfume.com\/#\/schema\/logo\/image\/\"},\"sameAs\":[\"https:\/\/www.facebook.com\/ojardin.parfume\/\"]}]}<\/script>\n<!-- \/ Yoast SEO plugin. -->","yoast_head_json":{"title":"Ivresse Florale Jasmin de Sidi BouSa\u00eed | Th\u00e9 Vert - O&#039;Jardin Parfum\u00e9","description":"Ivresse Florale Jasmin de Sidi BouSa\u00efd, un th\u00e9 vert premium et d\u00e9licat infus\u00e9 au parfum envo\u00fbtant de fleurs de jasmin. Parfait pour un moment de d\u00e9tente.","robots":{"index":"index","follow":"follow","max-snippet":"max-snippet:-1","max-image-preview":"max-image-preview:large","max-video-preview":"max-video-preview:-1"},"canonical":"https:\/\/www.ojardinparfume.com\/index.php\/produit\/ivresse-florale-jasmin-de-sidi-bousaid\/","og_locale":"fr_FR","og_type":"article","og_title":"Ivresse Florale Jasmin de Sidi BouSa\u00eed | Th\u00e9 Vert - O&#039;Jardin Parfum\u00e9","og_description":"Ivresse Florale Jasmin de Sidi BouSa\u00efd, un th\u00e9 vert premium et d\u00e9licat infus\u00e9 au parfum envo\u00fbtant de fleurs de jasmin. Parfait pour un moment de d\u00e9tente.","og_url":"https:\/\/www.ojardinparfume.com\/index.php\/produit\/ivresse-florale-jasmin-de-sidi-bousaid\/","og_site_name":"O&#039;Jardin Parfum\u00e9","article_publisher":"https:\/\/www.facebook.com\/ojardin.parfume\/","article_modified_time":"2025-11-17T15:24:22+00:00","og_image":[{"width":1000,"height":1000,"url":"https:\/\/www.ojardinparfume.com\/wp-content\/uploads\/2024\/12\/ojardin-parfume-the-vert-ivresse-au-jasmin-de-sidi-bou-said.jpg","type":"image\/jpeg"}],"twitter_card":"summary_large_image","twitter_misc":{"Dur\u00e9e de lecture estim\u00e9e":"1 minute"},"schema":{"@context":"https:\/\/schema.org","@graph":[{"@type":"WebPage","@id":"https:\/\/www.ojardinparfume.com\/index.php\/produit\/ivresse-florale-jasmin-de-sidi-bousaid\/","url":"https:\/\/www.ojardinparfume.com\/index.php\/produit\/ivresse-florale-jasmin-de-sidi-bousaid\/","name":"Ivresse Florale Jasmin de Sidi BouSa\u00eed | Th\u00e9 Vert - O&#039;Jardin Parfum\u00e9","isPartOf":{"@id":"https:\/\/www.ojardinparfume.com\/#website"},"primaryImageOfPage":{"@id":"https:\/\/www.ojardinparfume.com\/index.php\/produit\/ivresse-florale-jasmin-de-sidi-bousaid\/#primaryimage"},"image":{"@id":"https:\/\/www.ojardinparfume.com\/index.php\/produit\/ivresse-florale-jasmin-de-sidi-bousaid\/#primaryimage"},"thumbnailUrl":"https:\/\/www.ojardinparfume.com\/wp-content\/uploads\/2024\/12\/ojardin-parfume-the-vert-ivresse-au-jasmin-de-sidi-bou-said.jpg","datePublished":"2024-12-14T13:38:04+00:00","dateModified":"2025-11-17T15:24:22+00:00","description":"Ivresse Florale Jasmin de Sidi BouSa\u00efd, un th\u00e9 vert premium et d\u00e9licat infus\u00e9 au parfum envo\u00fbtant de fleurs de jasmin. Parfait pour un moment de d\u00e9tente.","breadcrumb":{"@id":"https:\/\/www.ojardinparfume.com\/index.php\/produit\/ivresse-florale-jasmin-de-sidi-bousaid\/#breadcrumb"},"inLanguage":"fr-FR","potentialAction":[{"@type":"ReadAction","target":["https:\/\/www.ojardinparfume.com\/index.php\/produit\/ivresse-florale-jasmin-de-sidi-bousaid\/"]}]},{"@type":"ImageObject","inLanguage":"fr-FR","@id":"https:\/\/www.ojardinparfume.com\/index.php\/produit\/ivresse-florale-jasmin-de-sidi-bousaid\/#primaryimage","url":"https:\/\/www.ojardinparfume.com\/wp-content\/uploads\/2024\/12\/ojardin-parfume-the-vert-ivresse-au-jasmin-de-sidi-bou-said.jpg","contentUrl":"https:\/\/www.ojardinparfume.com\/wp-content\/uploads\/2024\/12\/ojardin-parfume-the-vert-ivresse-au-jasmin-de-sidi-bou-said.jpg","width":1000,"height":1000},{"@type":"BreadcrumbList","@id":"https:\/\/www.ojardinparfume.com\/index.php\/produit\/ivresse-florale-jasmin-de-sidi-bousaid\/#breadcrumb","itemListElement":[{"@type":"ListItem","position":1,"name":"Accueil","item":"https:\/\/www.ojardinparfume.com\/"},{"@type":"ListItem","position":2,"name":"Boutique","item":"https:\/\/www.ojardinparfume.com\/index.php\/boutique\/"},{"@type":"ListItem","position":3,"name":"Ivresse Florale Jasmin de Sidi BouSa\u00eed"}]},{"@type":"WebSite","@id":"https:\/\/www.ojardinparfume.com\/#website","url":"https:\/\/www.ojardinparfume.com\/","name":"O'Jardin Parfum\u00e9","description":"La finesse d&#039;un th\u00e9 d&#039;excellence","publisher":{"@id":"https:\/\/www.ojardinparfume.com\/#organization"},"potentialAction":[{"@type":"SearchAction","target":{"@type":"EntryPoint","urlTemplate":"https:\/\/www.ojardinparfume.com\/?s={search_term_string}"},"query-input":{"@type":"PropertyValueSpecification","valueRequired":true,"valueName":"search_term_string"}}],"inLanguage":"fr-FR"},{"@type":"Organization","@id":"https:\/\/www.ojardinparfume.com\/#organization","name":"O'Jardin Parfum\u00e9","url":"https:\/\/www.ojardinparfume.com\/","logo":{"@type":"ImageObject","inLanguage":"fr-FR","@id":"https:\/\/www.ojardinparfume.com\/#\/schema\/logo\/image\/","url":"https:\/\/www.ojardinparfume.com\/wp-content\/uploads\/2024\/09\/cropped-logo-ojardinparfume-png-1.png","contentUrl":"https:\/\/www.ojardinparfume.com\/wp-content\/uploads\/2024\/09\/cropped-logo-ojardinparfume-png-1.png","width":842,"height":222,"caption":"O'Jardin Parfum\u00e9"},"image":{"@id":"https:\/\/www.ojardinparfume.com\/#\/schema\/logo\/image\/"},"sameAs":["https:\/\/www.facebook.com\/ojardin.parfume\/"]}]}},"jetpack_sharing_enabled":true,"_links":{"self":[{"href":"https:\/\/www.ojardinparfume.com\/index.php\/wp-json\/wp\/v2\/product\/6785","targetHints":{"allow":["GET"]}}],"collection":[{"href":"https:\/\/www.ojardinparfume.com\/index.php\/wp-json\/wp\/v2\/product"}],"about":[{"href":"https:\/\/www.ojardinparfume.com\/index.php\/wp-json\/wp\/v2\/types\/product"}],"replies":[{"embeddable":true,"href":"https:\/\/www.ojardinparfume.com\/index.php\/wp-json\/wp\/v2\/comments?post=6785"}],"wp:featuredmedia":[{"embeddable":true,"href":"https:\/\/www.ojardinparfume.com\/index.php\/wp-json\/wp\/v2\/media\/6786"}],"wp:attachment":[{"href":"https:\/\/www.ojardinparfume.com\/index.php\/wp-json\/wp\/v2\/media?parent=6785"}],"wp:term":[{"taxonomy":"product_cat","embeddable":true,"href":"https:\/\/www.ojardinparfume.com\/index.php\/wp-json\/wp\/v2\/product_cat?post=6785"},{"taxonomy":"product_tag","embeddable":true,"href":"https:\/\/www.ojardinparfume.com\/index.php\/wp-json\/wp\/v2\/product_tag?post=6785"}],"curies":[{"name":"wp","href":"https:\/\/api.w.org\/{rel}","templated":true}]}}